{"id":25,"date":"2025-06-02T15:27:18","date_gmt":"2025-06-02T13:27:18","guid":{"rendered":"http:\/\/psychologue-plouzane.ovh\/index.php\/accueil\/"},"modified":"2025-08-09T11:57:42","modified_gmt":"2025-08-09T09:57:42","slug":"accueil","status":"publish","type":"page","link":"https:\/\/psychologue-plouzane.ovh\/","title":{"rendered":"Qui suis-je ?"},"content":{"rendered":"\n<div class=\"wp-block-columns container is-layout-flex wp-container-core-columns-is-layout-28f84493 wp-block-columns-is-layout-flex\">\n<div class=\"wp-block-column is-layout-flow wp-block-column-is-layout-flow\">\n<section id=\"wp-block-themeisle-blocks-advanced-columns-cb87630d\" class=\"wp-block-themeisle-blocks-advanced-columns alignfull has-1-columns has-desktop-equal-layout has-tablet-equal-layout has-mobile-equal-layout has-vertical-top has-dark-bg ticss-dbe34598\"><div class=\"wp-block-themeisle-blocks-advanced-columns-overlay\"><\/div><div class=\"innerblocks-wrap\">\n<div id=\"wp-block-themeisle-blocks-advanced-column-a521c34e\" class=\"wp-block-themeisle-blocks-advanced-column\">\n<h2 class=\"wp-block-heading has-text-align-center has-text-color\" style=\"color:#ffffff\">Qui suis-je ?<\/h2>\n\n\n\n<p class=\"has-text-align-center\">J&#8217;exerce le m\u00e9tier de psychologue depuis plus de dix ans.<br>J&#8217;ai acquis une exp\u00e9rience au sein de milieux m\u00e9dico-sociaux, hospitaliers et associatifs. Ma pratique s&#8217;est d\u00e9velopp\u00e9e dans le champ de l&#8217;accompagnement individuel et collectif, aupr\u00e8s d&#8217;adultes, des a\u00een\u00e9s et de professionnels du soin.<br><br>Dans le cadre de mon activit\u00e9 lib\u00e9rale, je re\u00e7ois sur rendez-vous des personnes de plus de 18 ans au cabinet. Je poursuis en parall\u00e8le la co-animation de groupes de parole d\u00e9di\u00e9s aux aidants d&#8217;un proche, d&#8217;un enfant, conjoint ou d&#8217;un parent malade ou en situation de handicap.<br>J&#8217;attache une attention particuli\u00e8re \u00e0 la pr\u00e9vention autour de la sant\u00e9 mentale, notamment dans le cadre de l&#8217;\u00e9puisement professionnel, du deuil, de la d\u00e9pression et des probl\u00e9matiques li\u00e9es \u00e0 l&#8217;avanc\u00e9e en \u00e2ge.<br>Form\u00e9e au psychotraumatisme, j&#8217;ai effectu\u00e9 un travail de recherche autour des liens entre les sympt\u00f4mes diurnes et les troubles du sommeil dans le cadre du trouble de stress post traumatique (TSPT).<\/p>\n<\/div>\n<\/div><\/section>\n\n\n\n<div id=\"wp-block-themeisle-blocks-advanced-columns-784450ff\" class=\"wp-block-themeisle-blocks-advanced-columns alignfull has-1-columns has-desktop-equal-layout has-tablet-equal-layout has-mobile-collapsedRows-layout has-vertical-center ticss-c00aadba\"><div class=\"wp-block-themeisle-blocks-advanced-columns-overlay\"><\/div><div class=\"innerblocks-wrap\">\n<div id=\"wp-block-themeisle-blocks-advanced-column-d0fbfc0a\" class=\"wp-block-themeisle-blocks-advanced-column\">\n<div id=\"wp-block-themeisle-blocks-advanced-columns-8085ff1f\" class=\"wp-block-themeisle-blocks-advanced-columns has-3-columns has-desktop-equal-layout has-tablet-equal-layout has-mobile-collapsedRows-layout has-vertical-top\"><div class=\"wp-block-themeisle-blocks-advanced-columns-overlay\"><\/div><div class=\"innerblocks-wrap\">\n<div id=\"wp-block-themeisle-blocks-advanced-column-dfb15c39\" class=\"wp-block-themeisle-blocks-advanced-column\">\n<h4 id=\"wp-block-themeisle-blocks-advanced-heading-3147d135\" class=\"wp-block-themeisle-blocks-advanced-heading wp-block-themeisle-blocks-advanced-heading-3147d135\">Dipl\u00f4mes<\/h4>\n\n\n\n<p class=\"has-text-align-center\">2023<br>Dipl\u00f4me Universitaire de Psychotraumatologie<br>Institut de Psychologie<br>Universit\u00e9 Paris Cit\u00e9 &#8211; Paris<\/p>\n\n\n\n<p class=\"has-text-align-center\">EMDR Niveau 1 &#8211; Institut Fran\u00e7ais d&#8217;EMDR<\/p>\n\n\n\n<br\/>\n\n\n\n<p class=\"has-text-align-center\">2012<br>Master psychologie du vieillissement normal et pathologique &#8211; Universit\u00e9 de Bretagne Occidentale (UBO)<\/p>\n<\/div>\n\n\n\n<div id=\"wp-block-themeisle-blocks-advanced-column-ec09b220\" class=\"wp-block-themeisle-blocks-advanced-column ticss-ec09b220\">\n<h4 id=\"wp-block-themeisle-blocks-advanced-heading-869a9c1f\" class=\"wp-block-themeisle-blocks-advanced-heading wp-block-themeisle-blocks-advanced-heading-869a9c1f\">Associations<\/h4>\n\n\n\n<p class=\"has-text-align-center\">Co-animatrice de groupes de soutien<br> Association fran\u00e7aise des aidants<br><br>Membre de la Soci\u00e9t\u00e9 Fran\u00e7aise de M\u00e9decine Maritime<br><\/p>\n<\/div>\n\n\n\n<div id=\"wp-block-themeisle-blocks-advanced-column-adbc5601\" class=\"wp-block-themeisle-blocks-advanced-column\">\n<h4 id=\"wp-block-themeisle-blocks-advanced-heading-bacc3ab4\" class=\"wp-block-themeisle-blocks-advanced-heading wp-block-themeisle-blocks-advanced-heading-bacc3ab4\">Travaux universitaires<\/h4>\n\n\n\n<p class=\"has-text-align-center\">2023<br>Exploration des liens entre les sympt\u00f4mes diurnes et nocturnes du trouble de stress post-traumatique parmi un groupe de marins-p\u00eacheurs<\/p>\n\n\n\n<br\/>\n\n\n\n<p class=\"has-text-align-center\">2011<br>Construction d&#8217;un programme individuel de rem\u00e9diation psycho-cognitive pour une personne atteinte de la maladie d&#8217;Alzheimer : une approche int\u00e9grative<br><\/p>\n<\/div>\n<\/div><\/div>\n<\/div>\n<\/div><\/div>\n\n\n\n<div id=\"wp-block-themeisle-blocks-advanced-columns-0074d684\" class=\"wp-block-themeisle-blocks-advanced-columns has-1-columns has-desktop-equal-layout has-tablet-equal-layout has-mobile-equal-layout has-vertical-unset\"><div class=\"wp-block-themeisle-blocks-advanced-columns-overlay\"><\/div><div class=\"innerblocks-wrap\">\n<div id=\"wp-block-themeisle-blocks-advanced-column-a0b44ab6\" class=\"wp-block-themeisle-blocks-advanced-column\">\n<section id=\"wp-block-themeisle-blocks-advanced-columns-7c67fb01\" class=\"wp-block-themeisle-blocks-advanced-columns alignfull has-1-columns has-desktop-equal-layout has-tablet-equal-layout has-mobile-equal-layout has-vertical-center has-dark-bg\"><div class=\"wp-block-themeisle-blocks-advanced-columns-overlay\"><\/div><div class=\"innerblocks-wrap\">\n<div id=\"wp-block-themeisle-blocks-advanced-column-bd323297\" class=\"wp-block-themeisle-blocks-advanced-column\">\n<h2 class=\"wp-block-heading has-text-align-center has-text-color\" style=\"color:#ffffff\">Le psychotraumatisme<\/h2>\n\n\n\n<p class=\"has-text-align-center\">Toute forme de violence ou de n\u00e9gligence r\u00e9p\u00e9t\u00e9e dans l&#8217;enfance, dans une relation \u00e0 l&#8217;\u00e2ge adulte ou dans le cadre professionnel&#8230; peuvent venir bouleverser notre perception de nous-m\u00eame, notre mani\u00e8re de r\u00e9guler nos \u00e9motions, nos rapports aux autres et le regard que nous portons sur le monde.<br><br>Tout \u00e9v\u00e8nement, m\u00eame unique, venant faire \u00e9prouver l&#8217;imminence d&#8217;un danger, peut amener une rupture dans notre fonctionnement et rendre le quotidien difficile \u00e0 vivre (r\u00e9miniscences, troubles du sommeil, hypervigilance, pens\u00e9es et \u00e9motions n\u00e9gatives, \u00e9vitement&#8230;).<br><br>Que ce soit une situation r\u00e9cente ou ancienne, il est int\u00e9ressant d&#8217;en parler, afin de sortir de l&#8217;isolement, de mieux comprendre et de d\u00e9finir des axes de progression pour raviver un sentiment de s\u00e9curit\u00e9, de contr\u00f4le, d&#8217;apaisement. L&#8217;EMDR (D\u00e9sensibilisation et Retraitement par les Mouvements Oculaires) est une th\u00e9rapie particuli\u00e8rement recommand\u00e9e dans ce contexte.<\/p>\n\n\n\n<h2 class=\"wp-block-heading\"><\/h2>\n\n\n\n<div id=\"wp-block-themeisle-blocks-button-group-062edec3\" class=\"wp-block-themeisle-blocks-button-group wp-block-buttons align-center-desktop\">\n<div id=\"wp-block-themeisle-blocks-button-1929f632\" class=\"wp-block-themeisle-blocks-button wp-block-button\"><a href=\"https:\/\/cn2r.fr\/jai-besoin-daide\/comprendre-le-psychotraumatisme\/\" target=\"_blank\" rel=\"noopener noreferrer\" class=\"wp-block-button__link\"><span>Sympt\u00f4mes et ressources<\/span><\/a><\/div>\n\n\n\n<div id=\"wp-block-themeisle-blocks-button-c0100f9c\" class=\"wp-block-themeisle-blocks-button wp-block-button\"><a href=\"https:\/\/www.emdr-france.org\/fr\" target=\"_blank\" rel=\"noopener noreferrer\" class=\"wp-block-button__link\"><span>Association EMDR France<\/span><\/a><\/div>\n<\/div>\n<\/div>\n<\/div><\/section>\n\n\n\n<div id=\"wp-block-themeisle-blocks-advanced-columns-678cc482\" class=\"wp-block-themeisle-blocks-advanced-columns alignfull has-1-columns has-desktop-equal-layout has-tablet-equal-layout has-mobile-collapsedRows-layout has-reverse-columns-mobile has-vertical-bottom ticss-c00aadba\"><div class=\"wp-block-themeisle-blocks-advanced-columns-overlay\"><\/div><div class=\"innerblocks-wrap\">\n<div id=\"wp-block-themeisle-blocks-advanced-column-4d412c51\" class=\"wp-block-themeisle-blocks-advanced-column\">\n<h2 id=\"wp-block-themeisle-blocks-advanced-heading-fb3c7a39\" class=\"wp-block-themeisle-blocks-advanced-heading wp-block-themeisle-blocks-advanced-heading-fb3c7a39\">Consultations les mercredis et jeudis de 9h \u00e0 18h<\/h2>\n\n\n\n<p class=\"has-text-align-center has-text-color\" style=\"color:#fefefe\">Sur rendez-vous<\/p>\n\n\n\n<div class=\"wp-block-buttons is-content-justification-center is-layout-flex wp-container-core-buttons-is-layout-a89b3969 wp-block-buttons-is-layout-flex\">\n<div class=\"wp-block-button is-style-primary\"><a class=\"wp-block-button__link wp-element-button\" href=\"https:\/\/maps.app.goo.gl\/fAX8oYxapDZP993ZA\" target=\"_blank\" rel=\"noreferrer noopener\">Venir au cabinet<\/a><\/div>\n<\/div>\n<\/div>\n<\/div><\/div>\n\n\n\n<div id=\"cabinet\" class=\"wp-block-themeisle-blocks-advanced-columns alignfull has-3-columns has-desktop-equal-layout has-tablet-equal-layout has-mobile-collapsedRows-layout has-vertical-top ticss-c00aadba has-light-bg\"><div class=\"wp-block-themeisle-blocks-advanced-columns-overlay\"><\/div><div class=\"innerblocks-wrap\">\n<div id=\"wp-block-themeisle-blocks-advanced-column-f4333eeb\" class=\"wp-block-themeisle-blocks-advanced-column\">\n<p id=\"wp-block-themeisle-blocks-advanced-heading-91baffe5\" class=\"wp-block-themeisle-blocks-advanced-heading wp-block-themeisle-blocks-advanced-heading-91baffe5 cabinet\">Lieu du rendez-vous<\/p>\n\n\n\n<h2 id=\"wp-block-themeisle-blocks-advanced-heading-360f5b02\" class=\"wp-block-themeisle-blocks-advanced-heading wp-block-themeisle-blocks-advanced-heading-360f5b02\">Le cabinet<\/h2>\n\n\n\n<p>10, place du commerce<\/p>\n\n\n\n<p>29280 Plouzan\u00e9 La Trinit\u00e9<\/p>\n<\/div>\n\n\n\n<div id=\"wp-block-themeisle-blocks-advanced-column-78ae8ec1\" class=\"wp-block-themeisle-blocks-advanced-column\">\n<figure class=\"wp-block-image size-full\"><img loading=\"lazy\" decoding=\"async\" width=\"2560\" height=\"1920\" src=\"http:\/\/psychologue-plouzane.ovh\/wp-content\/uploads\/2025\/05\/cabinet_2-scaled.jpg\" alt=\"\" class=\"wp-image-16\" srcset=\"https:\/\/psychologue-plouzane.ovh\/wp-content\/uploads\/2025\/05\/cabinet_2-scaled.jpg 2560w, https:\/\/psychologue-plouzane.ovh\/wp-content\/uploads\/2025\/05\/cabinet_2-300x225.jpg 300w, https:\/\/psychologue-plouzane.ovh\/wp-content\/uploads\/2025\/05\/cabinet_2-1024x768.jpg 1024w, https:\/\/psychologue-plouzane.ovh\/wp-content\/uploads\/2025\/05\/cabinet_2-768x576.jpg 768w, https:\/\/psychologue-plouzane.ovh\/wp-content\/uploads\/2025\/05\/cabinet_2-1536x1152.jpg 1536w, https:\/\/psychologue-plouzane.ovh\/wp-content\/uploads\/2025\/05\/cabinet_2-2048x1536.jpg 2048w\" sizes=\"auto, (max-width: 2560px) 100vw, 2560px\" \/><\/figure>\n<\/div>\n\n\n\n<div id=\"wp-block-themeisle-blocks-advanced-column-81e97556\" class=\"wp-block-themeisle-blocks-advanced-column\">\n<figure class=\"wp-block-image size-full\"><img loading=\"lazy\" decoding=\"async\" width=\"2560\" height=\"1920\" src=\"http:\/\/psychologue-plouzane.ovh\/wp-content\/uploads\/2025\/05\/cabinet_1-scaled.jpg\" alt=\"Cabinet - ext\u00e9rieur\" class=\"wp-image-15\" srcset=\"https:\/\/psychologue-plouzane.ovh\/wp-content\/uploads\/2025\/05\/cabinet_1-scaled.jpg 2560w, https:\/\/psychologue-plouzane.ovh\/wp-content\/uploads\/2025\/05\/cabinet_1-300x225.jpg 300w, https:\/\/psychologue-plouzane.ovh\/wp-content\/uploads\/2025\/05\/cabinet_1-1024x768.jpg 1024w, https:\/\/psychologue-plouzane.ovh\/wp-content\/uploads\/2025\/05\/cabinet_1-768x576.jpg 768w, https:\/\/psychologue-plouzane.ovh\/wp-content\/uploads\/2025\/05\/cabinet_1-1536x1152.jpg 1536w, https:\/\/psychologue-plouzane.ovh\/wp-content\/uploads\/2025\/05\/cabinet_1-2048x1536.jpg 2048w\" sizes=\"auto, (max-width: 2560px) 100vw, 2560px\" \/><\/figure>\n<\/div>\n<\/div><\/div>\n\n\n<div style=\"height:400pxpx;\" class=\"wp-block-themeisle-blocks-leaflet-map\" id=\"wp-block-themeisle-blocks-leaflet-map-8f7b4546\"><\/div>\n<script type=\"text\/javascript\">\n\t\/* <![CDATA[ *\/\n\t\tif ( ! window.themeisleLeafletMaps ) window.themeisleLeafletMaps =[];\n\t\twindow.themeisleLeafletMaps.push( { container: \"wp-block-themeisle-blocks-leaflet-map-8f7b4546\", attributes: {\"id\":\"wp-block-themeisle-blocks-leaflet-map-8f7b4546\",\"latitude\":\"48.37223749457438\",\"longitude\":\"-4.589581489562989\",\"bbox\":\"-4.594087600708009,48.370812066187675,-4.58507537841797,48.37366288305894\",\"zoom\":17,\"markers\":[{\"id\":\"9affc98f-e43a-4133-ab09-6a2ea0de06e0\",\"latitude\":48.37223749457438,\"longitude\":-4.589581489562989,\"title\":\"Add a title\",\"description\":\"\"}],\"location\":\"La Sagrada Familia, Barcelona, Spain\",\"height\":\"400px\",\"zoomControl\":true,\"draggable\":true,\"hasCustomCSS\":false,\"customCSS\":\"\",\"otterConditions\":[]} } );\n\t\/* ]]> *\/\n<\/script>\n\n\n\n<div id=\"wp-block-themeisle-blocks-advanced-columns-9ee9b780\" class=\"wp-block-themeisle-blocks-advanced-columns has-1-columns has-desktop-equal-layout has-tablet-equal-layout has-mobile-collapsedRows-layout has-vertical-unset\"><div class=\"wp-block-themeisle-blocks-advanced-columns-overlay\"><\/div><div class=\"innerblocks-wrap\">\n<div id=\"wp-block-themeisle-blocks-advanced-column-2b456d6e\" class=\"wp-block-themeisle-blocks-advanced-column\">\n<blockquote class=\"wp-block-quote is-layout-flow wp-block-quote-is-layout-flow\">\n<p><strong>Num\u00e9ro Adeli :<\/strong>&nbsp;299308148<br><strong>Num\u00e9ro RPPS :<\/strong>&nbsp;10008491606<br><strong>Num\u00e9ro Siren :<\/strong>&nbsp;804013894<\/p>\n<\/blockquote>\n<\/div>\n<\/div><\/div>\n<\/div>\n<\/div><\/div>\n\n\n\n<div class=\"wp-block-columns is-layout-flex wp-container-core-columns-is-layout-28f84493 wp-block-columns-is-layout-flex\">\n<div class=\"wp-block-column is-layout-flow wp-block-column-is-layout-flow\" style=\"flex-basis:100%\">\n<div id=\"wp-block-themeisle-blocks-advanced-columns-9e1bc539\" class=\"wp-block-themeisle-blocks-advanced-columns has-0-columns has-desktop-equal-layout has-tablet-equal-layout has-mobile-equal-layout has-vertical-unset has-dark-bg\"><div class=\"wp-block-themeisle-blocks-advanced-columns-overlay\"><\/div><div class=\"innerblocks-wrap\"><\/div><\/div>\n<\/div>\n<\/div>\n<\/div>\n<\/div>\n\n\n\n<p><\/p>\n","protected":false},"excerpt":{"rendered":"","protected":false},"author":1,"featured_media":27,"parent":0,"menu_order":0,"comment_status":"closed","ping_status":"closed","template":"","meta":{"_themeisle_gutenberg_block_has_review":false,"footnotes":""},"class_list":["post-25","page","type-page","status-publish","has-post-thumbnail","hentry"],"_links":{"self":[{"href":"https:\/\/psychologue-plouzane.ovh\/index.php\/wp-json\/wp\/v2\/pages\/25","targetHints":{"allow":["GET"]}}],"collection":[{"href":"https:\/\/psychologue-plouzane.ovh\/index.php\/wp-json\/wp\/v2\/pages"}],"about":[{"href":"https:\/\/psychologue-plouzane.ovh\/index.php\/wp-json\/wp\/v2\/types\/page"}],"author":[{"embeddable":true,"href":"https:\/\/psychologue-plouzane.ovh\/index.php\/wp-json\/wp\/v2\/users\/1"}],"replies":[{"embeddable":true,"href":"https:\/\/psychologue-plouzane.ovh\/index.php\/wp-json\/wp\/v2\/comments?post=25"}],"version-history":[{"count":110,"href":"https:\/\/psychologue-plouzane.ovh\/index.php\/wp-json\/wp\/v2\/pages\/25\/revisions"}],"predecessor-version":[{"id":269,"href":"https:\/\/psychologue-plouzane.ovh\/index.php\/wp-json\/wp\/v2\/pages\/25\/revisions\/269"}],"wp:featuredmedia":[{"embeddable":true,"href":"https:\/\/psychologue-plouzane.ovh\/index.php\/wp-json\/wp\/v2\/media\/27"}],"wp:attachment":[{"href":"https:\/\/psychologue-plouzane.ovh\/index.php\/wp-json\/wp\/v2\/media?parent=25"}],"curies":[{"name":"wp","href":"https:\/\/api.w.org\/{rel}","templated":true}]}}